{"id":16411,"date":"2025-10-02T11:46:42","date_gmt":"2025-10-02T08:46:42","guid":{"rendered":"https:\/\/quasys.com.tr\/edb-postgres-ai\/"},"modified":"2025-12-01T14:22:38","modified_gmt":"2025-12-01T11:22:38","slug":"edb-postgres-ai","status":"publish","type":"page","link":"https:\/\/www.quasys.az\/en\/partners\/edb-postgres-ai\/","title":{"rendered":"EDB Postgres AI"},"content":{"rendered":"\t\t<div data-elementor-type=\"wp-page\" data-elementor-id=\"16411\" class=\"elementor elementor-16411 elementor-16288\" data-elementor-post-type=\"page\">\n\t\t\t\t<div class=\"elementor-element elementor-element-b8f1924 e-flex e-con-boxed e-con e-parent\" data-id=\"b8f1924\" data-element_type=\"container\">\n\t\t\t\t\t<div class=\"e-con-inner\">\n\t\t\t\t<div class=\"elementor-element elementor-element-8a3085a elementor-widget elementor-widget-heading\" data-id=\"8a3085a\" data-element_type=\"widget\" data-widget_type=\"heading.default\">\n\t\t\t\t<div class=\"elementor-widget-container\">\n\t\t\t<h2 class=\"elementor-heading-title elementor-size-default\">Make your data secure, flexible, and AI-ready.<\/h2>\t\t<\/div>\n\t\t\t\t<\/div>\n\t\t\t\t<div class=\"elementor-element elementor-element-a9bbe20 elementor-widget elementor-widget-text-editor\" data-id=\"a9bbe20\" data-element_type=\"widget\" data-widget_type=\"text-editor.default\">\n\t\t\t\t<div class=\"elementor-widget-container\">\n\t\t\t\t\t\t\t<p data-start=\"339\" data-end=\"489\">EDB Postgres AI Platform combines PostgreSQL&#8217;s open-source freedom with enterprise assurance while directly connecting your data to AI processes. Through this platform, organizations can securely manage their data while implementing AI and analytics applications efficiently, closest to where the data resides. <\/p>\t\t\t\t\t\t<\/div>\n\t\t\t\t<\/div>\n\t\t\t\t<div class=\"elementor-element elementor-element-aad8932 elementor-widget elementor-widget-eael-adv-accordion\" data-id=\"aad8932\" data-element_type=\"widget\" data-widget_type=\"eael-adv-accordion.default\">\n\t\t\t\t<div class=\"elementor-widget-container\">\n\t\t\t        <div class=\"eael-adv-accordion\" id=\"eael-adv-accordion-aad8932\" data-scroll-on-click=\"yes\" data-scroll-speed=\"300\" data-accordion-id=\"aad8932\" data-accordion-type=\"accordion\" data-toogle-speed=\"300\">\n    <div class=\"eael-accordion-list\">\n                <div id=\"core-platform-components\" class=\"elementor-tab-title eael-accordion-header active-default\" tabindex=\"0\" data-tab=\"1\" aria-controls=\"elementor-tab-content-1791\"><span class=\"eael-accordion-tab-title\">Core Platform Components<\/span><i aria-hidden=\"true\" class=\"fa-toggle fas fa-angle-right\"><\/i><\/div><div id=\"elementor-tab-content-1791\" class=\"eael-accordion-content clearfix active-default\" data-tab=\"1\" aria-labelledby=\"core-platform-components\"><ul>\n<li data-start=\"894\" data-end=\"1058\">\n<p data-start=\"896\" data-end=\"1058\"><strong data-start=\"896\" data-end=\"917\">Postgres Database<\/strong><br data-start=\"917\" data-end=\"920\">An &#8220;always-on&#8221; Postgres infrastructure enhanced with enterprise scalability, high availability, and robust security features.<\/p>\n<\/li>\n<li data-start=\"1060\" data-end=\"1179\">\n<p data-start=\"1062\" data-end=\"1179\"><strong data-start=\"1062\" data-end=\"1083\">Hybrid Management<\/strong><br data-start=\"1083\" data-end=\"1086\">Unified control and visibility combining cloud and on-premises environments under one roof.<\/p>\n<\/li>\n<li data-start=\"1181\" data-end=\"1411\">\n<p data-start=\"1183\" data-end=\"1411\"><strong data-start=\"1183\" data-end=\"1197\">AI Factory<\/strong><br data-start=\"1197\" data-end=\"1200\">Enables AI models to run close to the data using a low-code\/no-code approach. Embedding, RAG (retrieval-augmented generation), and model calls can be made directly through your Postgres data. <\/p>\n<\/li>\n<li data-start=\"1413\" data-end=\"1549\">\n<p data-start=\"1415\" data-end=\"1549\"><strong data-start=\"1415\" data-end=\"1440\">Analytics Accelerator<\/strong><br data-start=\"1440\" data-end=\"1443\">Rapidly generate insights from data with real-time analytics, dashboards, and decision support mechanisms.<\/p>\n<\/li>\n<li data-start=\"1551\" data-end=\"1703\">\n<p data-start=\"1553\" data-end=\"1703\"><strong data-start=\"1553\" data-end=\"1576\">Sovereign Assurance<\/strong><br data-start=\"1576\" data-end=\"1579\">Keep your data within your organization, meet compliance requirements, and receive enterprise support with a sovereignty-focused approach.<\/p>\n<\/li>\n<\/ul>\n<\/div>\n                <\/div><div class=\"eael-accordion-list\">\n                <div id=\"why-it-matters\" class=\"elementor-tab-title eael-accordion-header\" tabindex=\"0\" data-tab=\"2\" aria-controls=\"elementor-tab-content-1792\"><span class=\"eael-accordion-tab-title\">Why It Matters<\/span><i aria-hidden=\"true\" class=\"fa-toggle fas fa-angle-right\"><\/i><\/div><div id=\"elementor-tab-content-1792\" class=\"eael-accordion-content clearfix\" data-tab=\"2\" aria-labelledby=\"why-it-matters\"><ul>\n<li data-start=\"1726\" data-end=\"1815\">\n<p data-start=\"1728\" data-end=\"1815\"><strong data-start=\"1728\" data-end=\"1753\">AI-native PostgreSQL:<\/strong> Brings the power of Postgres to modern artificial intelligence scenarios.<\/p>\n<\/li>\n<li data-start=\"1816\" data-end=\"1928\">\n<p data-start=\"1818\" data-end=\"1928\"><strong data-start=\"1818\" data-end=\"1838\">AI close to data:<\/strong> Provides speed and security by running models close to the database without external data transfer.<\/p>\n<\/li>\n<li data-start=\"1929\" data-end=\"2051\">\n<p data-start=\"1931\" data-end=\"2051\"><strong data-start=\"1931\" data-end=\"1955\">Internal sovereignty:<\/strong> Maintain complete control while utilizing your critical data for both AI and analytics.<\/p>\n<\/li>\n<li data-start=\"2052\" data-end=\"2139\">\n<p data-start=\"2054\" data-end=\"2139\"><strong data-start=\"2054\" data-end=\"2072\">Modernization:<\/strong> Easy transition from legacy systems to AI-ready PostgreSQL infrastructure.<\/p>\n<\/li>\n<\/ul>\n<\/div>\n                <\/div><div class=\"eael-accordion-list\">\n                <div id=\"quasyss-added-value\" class=\"elementor-tab-title eael-accordion-header\" tabindex=\"0\" data-tab=\"3\" aria-controls=\"elementor-tab-content-1793\"><span class=\"eael-accordion-tab-title\">Quasys's Added Value<\/span><i aria-hidden=\"true\" class=\"fa-toggle fas fa-angle-right\"><\/i><\/div><div id=\"elementor-tab-content-1793\" class=\"eael-accordion-content clearfix\" data-tab=\"3\" aria-labelledby=\"quasyss-added-value\"><p data-start=\"2166\" data-end=\"2417\">Quasys delivers the EDB Postgres AI Platform in Turkey with proper positioning, integration, and local support for organizations. This provides institutions not only with a powerful database but also a data platform ready for artificial intelligence. <\/p>\n<hr data-start=\"2419\" data-end=\"2422\">\n<p data-start=\"2424\" data-end=\"2556\">\n<\/div>\n                <\/div><div class=\"eael-accordion-list\">\n                <div id=\"discover-more\" class=\"elementor-tab-title eael-accordion-header\" tabindex=\"0\" data-tab=\"4\" aria-controls=\"elementor-tab-content-1794\"><span class=\"eael-advanced-accordion-icon-closed\"><i aria-hidden=\"true\" class=\"fa-accordion-icon fas fa-plus\"><\/i><\/span><span class=\"eael-advanced-accordion-icon-opened\"><i aria-hidden=\"true\" class=\"fa-accordion-icon fas fa-minus\"><\/i><\/span><span class=\"eael-accordion-tab-title\">Discover More<\/span><i aria-hidden=\"true\" class=\"fa-toggle fas fa-angle-right\"><\/i><\/div><div id=\"elementor-tab-content-1794\" class=\"eael-accordion-content clearfix\" data-tab=\"4\" aria-labelledby=\"discover-more\"><p data-start=\"731\" data-end=\"864\">To discover the most suitable solution for your organization, see a demo, or speak with our technical team, please contact us at: info@quasys.com.tr<\/p>\n<p data-start=\"866\" data-end=\"900\">\n<\/div>\n                <\/div><\/div>\t\t<\/div>\n\t\t\t\t<\/div>\n\t\t\t\t\t<\/div>\n\t\t\t\t<\/div>\n\t\t\t\t<\/div>\n\t\t","protected":false},"excerpt":{"rendered":"<p>Make your data secure, flexible, and AI-ready. EDB Postgres AI Platform &#8230; <\/p>\n","protected":false},"author":2,"featured_media":0,"parent":16588,"menu_order":0,"comment_status":"closed","ping_status":"closed","template":"","meta":{"footnotes":""},"class_list":["post-16411","page","type-page","status-publish","hentry"],"yoast_head":"<!-- This site is optimized with the Yoast SEO plugin v25.0 - https:\/\/yoast.com\/wordpress\/plugins\/seo\/ -->\n<title>EDB Postgres AI - Quasys Dijital Teknoloji \u00c7\u00f6z\u00fcmleri<\/title>\n<meta name=\"robots\" content=\"index, follow, max-snippet:-1, max-image-preview:large, max-video-preview:-1\" \/>\n<link rel=\"canonical\" href=\"https:\/\/www.quasys.az\/en\/partners\/edb-postgres-ai\/\" \/>\n<meta property=\"og:locale\" content=\"en_US\" \/>\n<meta property=\"og:type\" content=\"article\" \/>\n<meta property=\"og:title\" content=\"EDB Postgres AI - Quasys Dijital Teknoloji \u00c7\u00f6z\u00fcmleri\" \/>\n<meta property=\"og:description\" content=\"Make your data secure, flexible, and AI-ready. EDB Postgres AI Platform ...\" \/>\n<meta property=\"og:url\" content=\"https:\/\/www.quasys.az\/en\/partners\/edb-postgres-ai\/\" \/>\n<meta property=\"og:site_name\" content=\"Quasys Dijital Teknoloji \u00c7\u00f6z\u00fcmleri\" \/>\n<meta property=\"article:modified_time\" content=\"2025-12-01T11:22:38+00:00\" \/>\n<meta name=\"twitter:card\" content=\"summary_large_image\" \/>\n<meta name=\"twitter:label1\" content=\"Est. reading time\" \/>\n\t<meta name=\"twitter:data1\" content=\"1 minute\" \/>\n<script type=\"application\/ld+json\" class=\"yoast-schema-graph\">{\"@context\":\"https:\/\/schema.org\",\"@graph\":[{\"@type\":\"WebPage\",\"@id\":\"https:\/\/www.quasys.az\/en\/partners\/edb-postgres-ai\/\",\"url\":\"https:\/\/www.quasys.az\/en\/partners\/edb-postgres-ai\/\",\"name\":\"EDB Postgres AI - Quasys Dijital Teknoloji \u00c7\u00f6z\u00fcmleri\",\"isPartOf\":{\"@id\":\"https:\/\/www.quasys.az\/en\/#website\"},\"datePublished\":\"2025-10-02T08:46:42+00:00\",\"dateModified\":\"2025-12-01T11:22:38+00:00\",\"breadcrumb\":{\"@id\":\"https:\/\/www.quasys.az\/en\/partners\/edb-postgres-ai\/#breadcrumb\"},\"inLanguage\":\"en-US\",\"potentialAction\":[{\"@type\":\"ReadAction\",\"target\":[\"https:\/\/www.quasys.az\/en\/partners\/edb-postgres-ai\/\"]}]},{\"@type\":\"BreadcrumbList\",\"@id\":\"https:\/\/www.quasys.az\/en\/partners\/edb-postgres-ai\/#breadcrumb\",\"itemListElement\":[{\"@type\":\"ListItem\",\"position\":1,\"name\":\"Anasayfa\",\"item\":\"https:\/\/quasys.com.tr\/en\/\"},{\"@type\":\"ListItem\",\"position\":2,\"name\":\"PARTNERS\",\"item\":\"https:\/\/quasys.com.tr\/en\/partners\/\"},{\"@type\":\"ListItem\",\"position\":3,\"name\":\"EDB Postgres AI\"}]},{\"@type\":\"WebSite\",\"@id\":\"https:\/\/www.quasys.az\/en\/#website\",\"url\":\"https:\/\/www.quasys.az\/en\/\",\"name\":\"Quasys\",\"description\":\"\",\"publisher\":{\"@id\":\"https:\/\/www.quasys.az\/en\/#organization\"},\"potentialAction\":[{\"@type\":\"SearchAction\",\"target\":{\"@type\":\"EntryPoint\",\"urlTemplate\":\"https:\/\/www.quasys.az\/en\/?s={search_term_string}\"},\"query-input\":{\"@type\":\"PropertyValueSpecification\",\"valueRequired\":true,\"valueName\":\"search_term_string\"}}],\"inLanguage\":\"en-US\"},{\"@type\":\"Organization\",\"@id\":\"https:\/\/www.quasys.az\/en\/#organization\",\"name\":\"Quasys Dijital Teknoloji \u00c7\u00f6z\u00fcmleri\",\"url\":\"https:\/\/www.quasys.az\/en\/\",\"logo\":{\"@type\":\"ImageObject\",\"inLanguage\":\"en-US\",\"@id\":\"https:\/\/www.quasys.az\/en\/#\/schema\/logo\/image\/\",\"url\":\"https:\/\/www.quasys.com.tr\/wp-content\/uploads\/2025\/05\/quasys_logo-01-50_Cropped.png\",\"contentUrl\":\"https:\/\/www.quasys.com.tr\/wp-content\/uploads\/2025\/05\/quasys_logo-01-50_Cropped.png\",\"width\":365,\"height\":262,\"caption\":\"Quasys Dijital Teknoloji \u00c7\u00f6z\u00fcmleri\"},\"image\":{\"@id\":\"https:\/\/www.quasys.az\/en\/#\/schema\/logo\/image\/\"},\"sameAs\":[\"https:\/\/www.linkedin.com\/company\/quasys-technology\/\"]}]}<\/script>\n<!-- \/ Yoast SEO plugin. -->","yoast_head_json":{"title":"EDB Postgres AI - Quasys Dijital Teknoloji \u00c7\u00f6z\u00fcmleri","robots":{"index":"index","follow":"follow","max-snippet":"max-snippet:-1","max-image-preview":"max-image-preview:large","max-video-preview":"max-video-preview:-1"},"canonical":"https:\/\/www.quasys.az\/en\/partners\/edb-postgres-ai\/","og_locale":"en_US","og_type":"article","og_title":"EDB Postgres AI - Quasys Dijital Teknoloji \u00c7\u00f6z\u00fcmleri","og_description":"Make your data secure, flexible, and AI-ready. EDB Postgres AI Platform ...","og_url":"https:\/\/www.quasys.az\/en\/partners\/edb-postgres-ai\/","og_site_name":"Quasys Dijital Teknoloji \u00c7\u00f6z\u00fcmleri","article_modified_time":"2025-12-01T11:22:38+00:00","twitter_card":"summary_large_image","twitter_misc":{"Est. reading time":"1 minute"},"schema":{"@context":"https:\/\/schema.org","@graph":[{"@type":"WebPage","@id":"https:\/\/www.quasys.az\/en\/partners\/edb-postgres-ai\/","url":"https:\/\/www.quasys.az\/en\/partners\/edb-postgres-ai\/","name":"EDB Postgres AI - Quasys Dijital Teknoloji \u00c7\u00f6z\u00fcmleri","isPartOf":{"@id":"https:\/\/www.quasys.az\/en\/#website"},"datePublished":"2025-10-02T08:46:42+00:00","dateModified":"2025-12-01T11:22:38+00:00","breadcrumb":{"@id":"https:\/\/www.quasys.az\/en\/partners\/edb-postgres-ai\/#breadcrumb"},"inLanguage":"en-US","potentialAction":[{"@type":"ReadAction","target":["https:\/\/www.quasys.az\/en\/partners\/edb-postgres-ai\/"]}]},{"@type":"BreadcrumbList","@id":"https:\/\/www.quasys.az\/en\/partners\/edb-postgres-ai\/#breadcrumb","itemListElement":[{"@type":"ListItem","position":1,"name":"Anasayfa","item":"https:\/\/quasys.com.tr\/en\/"},{"@type":"ListItem","position":2,"name":"PARTNERS","item":"https:\/\/quasys.com.tr\/en\/partners\/"},{"@type":"ListItem","position":3,"name":"EDB Postgres AI"}]},{"@type":"WebSite","@id":"https:\/\/www.quasys.az\/en\/#website","url":"https:\/\/www.quasys.az\/en\/","name":"Quasys","description":"","publisher":{"@id":"https:\/\/www.quasys.az\/en\/#organization"},"potentialAction":[{"@type":"SearchAction","target":{"@type":"EntryPoint","urlTemplate":"https:\/\/www.quasys.az\/en\/?s={search_term_string}"},"query-input":{"@type":"PropertyValueSpecification","valueRequired":true,"valueName":"search_term_string"}}],"inLanguage":"en-US"},{"@type":"Organization","@id":"https:\/\/www.quasys.az\/en\/#organization","name":"Quasys Dijital Teknoloji \u00c7\u00f6z\u00fcmleri","url":"https:\/\/www.quasys.az\/en\/","logo":{"@type":"ImageObject","inLanguage":"en-US","@id":"https:\/\/www.quasys.az\/en\/#\/schema\/logo\/image\/","url":"https:\/\/www.quasys.com.tr\/wp-content\/uploads\/2025\/05\/quasys_logo-01-50_Cropped.png","contentUrl":"https:\/\/www.quasys.com.tr\/wp-content\/uploads\/2025\/05\/quasys_logo-01-50_Cropped.png","width":365,"height":262,"caption":"Quasys Dijital Teknoloji \u00c7\u00f6z\u00fcmleri"},"image":{"@id":"https:\/\/www.quasys.az\/en\/#\/schema\/logo\/image\/"},"sameAs":["https:\/\/www.linkedin.com\/company\/quasys-technology\/"]}]}},"_links":{"self":[{"href":"https:\/\/www.quasys.az\/en\/wp-json\/wp\/v2\/pages\/16411","targetHints":{"allow":["GET"]}}],"collection":[{"href":"https:\/\/www.quasys.az\/en\/wp-json\/wp\/v2\/pages"}],"about":[{"href":"https:\/\/www.quasys.az\/en\/wp-json\/wp\/v2\/types\/page"}],"author":[{"embeddable":true,"href":"https:\/\/www.quasys.az\/en\/wp-json\/wp\/v2\/users\/2"}],"replies":[{"embeddable":true,"href":"https:\/\/www.quasys.az\/en\/wp-json\/wp\/v2\/comments?post=16411"}],"version-history":[{"count":1,"href":"https:\/\/www.quasys.az\/en\/wp-json\/wp\/v2\/pages\/16411\/revisions"}],"predecessor-version":[{"id":16412,"href":"https:\/\/www.quasys.az\/en\/wp-json\/wp\/v2\/pages\/16411\/revisions\/16412"}],"up":[{"embeddable":true,"href":"https:\/\/www.quasys.az\/en\/wp-json\/wp\/v2\/pages\/16588"}],"wp:attachment":[{"href":"https:\/\/www.quasys.az\/en\/wp-json\/wp\/v2\/media?parent=16411"}],"curies":[{"name":"wp","href":"https:\/\/api.w.org\/{rel}","templated":true}]}}