{"id":16455,"date":"2024-06-10T08:25:36","date_gmt":"2024-06-10T05:25:36","guid":{"rendered":"https:\/\/quasys.com.tr\/our-solutions\/"},"modified":"2025-12-01T13:39:58","modified_gmt":"2025-12-01T10:39:58","slug":"our-solutions","status":"publish","type":"page","link":"https:\/\/www.quasys.az\/en\/our-solutions\/","title":{"rendered":"Our Solutions"},"content":{"rendered":"\t\t<div data-elementor-type=\"wp-page\" data-elementor-id=\"16455\" class=\"elementor elementor-16455 elementor-17\" data-elementor-post-type=\"page\">\n\t\t\t\t\t\t<section class=\"elementor-section elementor-top-section elementor-element elementor-element-e8ab0e5 elementor-section-stretched elementor-section-boxed elementor-section-height-default elementor-section-height-default\" data-id=\"e8ab0e5\" data-element_type=\"section\" data-settings=\"{&quot;stretch_section&quot;:&quot;section-stretched&quot;}\">\n\t\t\t\t\t\t<div class=\"elementor-container elementor-column-gap-extended\">\n\t\t\t\t\t<div class=\"elementor-column elementor-col-25 elementor-top-column elementor-element elementor-element-ee39089 column-xtra-sticky\" data-id=\"ee39089\" data-element_type=\"column\">\n\t\t\t<div class=\"elementor-widget-wrap elementor-element-populated\">\n\t\t\t\t\t\t<div class=\"elementor-element elementor-element-fdcca11 elementor-widget elementor-widget-cz_title\" data-id=\"fdcca11\" data-element_type=\"widget\" data-widget_type=\"cz_title.default\">\n\t\t\t\t<div class=\"elementor-widget-container\">\n\t\t\t\t\r\n\t\t<div>\r\n\t\t\t<div class=\"cz_title clr cz_mobile_text_center cz_title_pos_inline\"><div class=\"cz_title_content\"><span class=\"cz_line_side_solo\">_<\/span><div class=\"cz_wpe_content\"><p><span style=\"font-family: demicalfont; color: #ea0029; font-weight: 400;\">Our Solutions<\/span><\/p><\/div><\/div><\/div>\r\n\t\t<\/div>\r\n\t\t\r\n\t\t\t\t<\/div>\n\t\t\t\t<\/div>\n\t\t\t\t<div class=\"elementor-element elementor-element-457f2b3 elementor-widget elementor-widget-heading\" data-id=\"457f2b3\" data-element_type=\"widget\" data-widget_type=\"heading.default\">\n\t\t\t\t<div class=\"elementor-widget-container\">\n\t\t\t<h2 class=\"elementor-heading-title elementor-size-default\">Quasys' Innovative Technology Solutions<\/h2>\t\t<\/div>\n\t\t\t\t<\/div>\n\t\t\t\t<div class=\"elementor-element elementor-element-853e4a3 elementor-widget elementor-widget-text-editor\" data-id=\"853e4a3\" data-element_type=\"widget\" data-widget_type=\"text-editor.default\">\n\t\t\t\t<div class=\"elementor-widget-container\">\n\t\t\t\t\t\t\t<p><span style=\"font-family: demicalfont;\">We blend our experience in microservice architectures and conventional systems, from cloud technologies to the Kubernetes platform, with new technologies.<\/span><\/p>\t\t\t\t\t\t<\/div>\n\t\t\t\t<\/div>\n\t\t\t\t\t<\/div>\n\t\t<\/div>\n\t\t\t\t<div class=\"elementor-column elementor-col-25 elementor-top-column elementor-element elementor-element-f1a88b1\" data-id=\"f1a88b1\" data-element_type=\"column\">\n\t\t\t<div class=\"elementor-widget-wrap elementor-element-populated\">\n\t\t\t\t\t\t<div class=\"elementor-element elementor-element-5b428b1 elementor-widget elementor-widget-cz_service_box\" data-id=\"5b428b1\" data-element_type=\"widget\" data-widget_type=\"cz_service_box.default\">\n\t\t\t\t<div class=\"elementor-widget-container\">\n\t\t\t<a href=\"https:\/\/quasys.com.tr\/cozumlerimiz\/siber-guvenlik\/\"><div class=\"services clr style11 cz_sbi_fx_0 services_b left\"><div class=\"service_img services_img_have_hover\"><img decoding=\"async\" width=\"75\" height=\"75\" src=\"data:image\/svg+xml,%3Csvg%20xmlns%3D&#39;http%3A%2F%2Fwww.w3.org%2F2000%2Fsvg&#39;%20width=&#39;75&#39;%20height=&#39;75&#39;%20viewBox%3D&#39;0%200%2075%2075&#39;%2F%3E\" data-czlz data-src=\"https:\/\/www.quasys.az\/wp-content\/uploads\/2021\/01\/brand-icon.png\" class=\"attachment-large size-large wp-image-835\" alt=\"\" \/><img decoding=\"async\" width=\"75\" height=\"75\" src=\"data:image\/svg+xml,%3Csvg%20xmlns%3D&#39;http%3A%2F%2Fwww.w3.org%2F2000%2Fsvg&#39;%20width=&#39;75&#39;%20height=&#39;75&#39;%20viewBox%3D&#39;0%200%2075%2075&#39;%2F%3E\" data-czlz data-src=\"https:\/\/www.quasys.az\/wp-content\/uploads\/2021\/01\/brand-icon-hover.png\" class=\"attachment-large size-large wp-image-846\" alt=\"\" \/><\/div><div class=\"clr\"><\/div><div class=\"service_text\"><h3>Cyber Security<\/h3><div class=\"cz_wpe_content\"><p style=\"text-align: justify;\"><span style=\"font-family: decimal-medium; font-size: 14px; font-weight: 500;\"><span style=\"font-family: demicalfont;\"> New technologies bring security problems that need to be approached from many angles.<\/span> <\/span><\/p><\/div><\/div><\/div><\/a>\t\t<\/div>\n\t\t\t\t<\/div>\n\t\t\t\t<div class=\"elementor-element elementor-element-a1445f0 elementor-widget elementor-widget-cz_service_box\" data-id=\"a1445f0\" data-element_type=\"widget\" data-widget_type=\"cz_service_box.default\">\n\t\t\t\t<div class=\"elementor-widget-container\">\n\t\t\t<a href=\"https:\/\/quasys.com.tr\/cozumlerimiz\/orta-katman-cozumleri\/\"><div class=\"services clr style11 cz_sbi_fx_0 services_b left\"><div class=\"service_img services_img_have_hover\"><img decoding=\"async\" width=\"75\" height=\"75\" src=\"data:image\/svg+xml,%3Csvg%20xmlns%3D&#39;http%3A%2F%2Fwww.w3.org%2F2000%2Fsvg&#39;%20width=&#39;75&#39;%20height=&#39;75&#39;%20viewBox%3D&#39;0%200%2075%2075&#39;%2F%3E\" data-czlz data-src=\"https:\/\/www.quasys.az\/wp-content\/uploads\/2021\/01\/con-icon1.png\" class=\"attachment-large size-large wp-image-841\" alt=\"\" \/><img loading=\"lazy\" decoding=\"async\" width=\"75\" height=\"75\" src=\"data:image\/svg+xml,%3Csvg%20xmlns%3D&#39;http%3A%2F%2Fwww.w3.org%2F2000%2Fsvg&#39;%20width=&#39;75&#39;%20height=&#39;75&#39;%20viewBox%3D&#39;0%200%2075%2075&#39;%2F%3E\" data-czlz data-src=\"https:\/\/www.quasys.az\/wp-content\/uploads\/2021\/01\/con-icon-1.png\" class=\"attachment-large size-large wp-image-848\" alt=\"\" \/><\/div><div class=\"clr\"><\/div><div class=\"service_text\"><h3>Middle Tier Solutions<\/h3><div class=\"cz_wpe_content\"><p style=\"text-align: justify;\"><span style=\"font-family: demicalfont; font-size: 14px;\">We guide you in adapting your applications with a microservices architecture.<\/span><\/p><\/div><\/div><\/div><\/a>\t\t<\/div>\n\t\t\t\t<\/div>\n\t\t\t\t\t<\/div>\n\t\t<\/div>\n\t\t\t\t<div class=\"elementor-column elementor-col-25 elementor-top-column elementor-element elementor-element-ec5c203\" data-id=\"ec5c203\" data-element_type=\"column\">\n\t\t\t<div class=\"elementor-widget-wrap elementor-element-populated\">\n\t\t\t\t\t\t<div class=\"elementor-element elementor-element-1db8b63 elementor-widget elementor-widget-cz_service_box\" data-id=\"1db8b63\" data-element_type=\"widget\" data-widget_type=\"cz_service_box.default\">\n\t\t\t\t<div class=\"elementor-widget-container\">\n\t\t\t<a href=\"https:\/\/quasys.com.tr\/cozumlerimiz\/altyapi-cozumleri\/\"><div class=\"services clr style11 cz_sbi_fx_0 services_b left\"><div class=\"service_img services_img_have_hover\"><img loading=\"lazy\" decoding=\"async\" width=\"75\" height=\"75\" src=\"data:image\/svg+xml,%3Csvg%20xmlns%3D&#39;http%3A%2F%2Fwww.w3.org%2F2000%2Fsvg&#39;%20width=&#39;75&#39;%20height=&#39;75&#39;%20viewBox%3D&#39;0%200%2075%2075&#39;%2F%3E\" data-czlz data-src=\"https:\/\/www.quasys.az\/wp-content\/uploads\/2021\/01\/ui-icon.png\" class=\"attachment-large size-large wp-image-836\" alt=\"\" \/><img loading=\"lazy\" decoding=\"async\" width=\"75\" height=\"75\" src=\"data:image\/svg+xml,%3Csvg%20xmlns%3D&#39;http%3A%2F%2Fwww.w3.org%2F2000%2Fsvg&#39;%20width=&#39;75&#39;%20height=&#39;75&#39;%20viewBox%3D&#39;0%200%2075%2075&#39;%2F%3E\" data-czlz data-src=\"https:\/\/www.quasys.az\/wp-content\/uploads\/2021\/01\/ui-icon-hover.png\" class=\"attachment-large size-large wp-image-847\" alt=\"\" \/><\/div><div class=\"clr\"><\/div><div class=\"service_text\"><h3>Infrastructure Solutions<\/h3><div class=\"cz_wpe_content\"><p style=\"text-align: justify;\"><span style=\"font-family: demicalfont; font-size: 14px; font-weight: 500;\">We offer expert support to modernize your infrastructure with Kubernetes.<\/span><\/p><\/div><\/div><\/div><\/a>\t\t<\/div>\n\t\t\t\t<\/div>\n\t\t\t\t<div class=\"elementor-element elementor-element-564473d elementor-widget elementor-widget-cz_service_box\" data-id=\"564473d\" data-element_type=\"widget\" data-widget_type=\"cz_service_box.default\">\n\t\t\t\t<div class=\"elementor-widget-container\">\n\t\t\t<a href=\"https:\/\/quasys.com.tr\/cozumlerimiz\/otomasyon-cozumleri\/\"><div class=\"services clr style11 cz_sbi_fx_0 services_b left\"><div class=\"service_img services_img_have_hover\"><img decoding=\"async\" width=\"75\" height=\"75\" src=\"data:image\/svg+xml,%3Csvg%20xmlns%3D&#39;http%3A%2F%2Fwww.w3.org%2F2000%2Fsvg&#39;%20width=&#39;75&#39;%20height=&#39;75&#39;%20viewBox%3D&#39;0%200%2075%2075&#39;%2F%3E\" data-czlz data-src=\"https:\/\/www.quasys.az\/wp-content\/uploads\/2021\/01\/con-icon1.png\" class=\"attachment-large size-large wp-image-841\" alt=\"\" \/><img loading=\"lazy\" decoding=\"async\" width=\"75\" height=\"75\" src=\"data:image\/svg+xml,%3Csvg%20xmlns%3D&#39;http%3A%2F%2Fwww.w3.org%2F2000%2Fsvg&#39;%20width=&#39;75&#39;%20height=&#39;75&#39;%20viewBox%3D&#39;0%200%2075%2075&#39;%2F%3E\" data-czlz data-src=\"https:\/\/www.quasys.az\/wp-content\/uploads\/2021\/01\/con-icon-1.png\" class=\"attachment-large size-large wp-image-848\" alt=\"\" \/><\/div><div class=\"clr\"><\/div><div class=\"service_text\"><h3>Automation Solutions<\/h3><div class=\"cz_wpe_content\"><p style=\"text-align: justify;\"><span style=\"font-family: demicalfont; font-size: 14px;\">It reduces costs and minimizes errors while reducing the workload of your IT teams.<\/span><\/p><\/div><\/div><\/div><\/a>\t\t<\/div>\n\t\t\t\t<\/div>\n\t\t\t\t\t<\/div>\n\t\t<\/div>\n\t\t\t\t<div class=\"elementor-column elementor-col-25 elementor-top-column elementor-element elementor-element-4ed4b47\" data-id=\"4ed4b47\" data-element_type=\"column\">\n\t\t\t<div class=\"elementor-widget-wrap elementor-element-populated\">\n\t\t\t\t\t\t<div class=\"elementor-element elementor-element-9b6bd79 elementor-widget elementor-widget-cz_service_box\" data-id=\"9b6bd79\" data-element_type=\"widget\" data-widget_type=\"cz_service_box.default\">\n\t\t\t\t<div class=\"elementor-widget-container\">\n\t\t\t<a href=\"https:\/\/quasys.com.tr\/cozumlerimiz\/devsecops\/\"><div class=\"services clr style11 cz_sbi_fx_0 services_b left\"><div class=\"service_img services_img_have_hover\"><img loading=\"lazy\" decoding=\"async\" width=\"75\" height=\"75\" src=\"data:image\/svg+xml,%3Csvg%20xmlns%3D&#39;http%3A%2F%2Fwww.w3.org%2F2000%2Fsvg&#39;%20width=&#39;75&#39;%20height=&#39;75&#39;%20viewBox%3D&#39;0%200%2075%2075&#39;%2F%3E\" data-czlz data-src=\"https:\/\/www.quasys.az\/wp-content\/uploads\/2021\/01\/app-icon.png\" class=\"attachment-large size-large wp-image-844\" alt=\"\" \/><img loading=\"lazy\" decoding=\"async\" width=\"75\" height=\"75\" src=\"data:image\/svg+xml,%3Csvg%20xmlns%3D&#39;http%3A%2F%2Fwww.w3.org%2F2000%2Fsvg&#39;%20width=&#39;75&#39;%20height=&#39;75&#39;%20viewBox%3D&#39;0%200%2075%2075&#39;%2F%3E\" data-czlz data-src=\"https:\/\/www.quasys.az\/wp-content\/uploads\/2021\/01\/app-icon-hover.png\" class=\"attachment-large size-large wp-image-849\" alt=\"\" \/><\/div><div class=\"clr\"><\/div><div class=\"service_text\"><h3>DevSecOps\n<\/h3><div class=\"cz_wpe_content\"><p style=\"text-align: justify;\"><span style=\"font-family: demicalfont; font-size: 14px; font-weight: 500;\">It is an innovative approach that increases collaboration between IT and developers.<\/span><\/p><\/div><\/div><\/div><\/a>\t\t<\/div>\n\t\t\t\t<\/div>\n\t\t\t\t\t<\/div>\n\t\t<\/div>\n\t\t\t\t\t<\/div>\n\t\t<\/section>\n\t\t\t\t<section class=\"elementor-section elementor-top-section elementor-element elementor-element-d00aaaf elementor-section-stretched elementor-section-boxed elementor-section-height-default elementor-section-height-default\" data-id=\"d00aaaf\" data-element_type=\"section\" data-settings=\"{&quot;stretch_section&quot;:&quot;section-stretched&quot;}\">\n\t\t\t\t\t\t<div class=\"elementor-container elementor-column-gap-default\">\n\t\t\t\t\t<div class=\"elementor-column elementor-col-50 elementor-top-column elementor-element elementor-element-0deed22\" data-id=\"0deed22\" data-element_type=\"column\">\n\t\t\t<div class=\"elementor-widget-wrap elementor-element-populated\">\n\t\t\t\t\t\t<div class=\"elementor-element elementor-element-496bf33 elementor-widget elementor-widget-image\" data-id=\"496bf33\" data-element_type=\"widget\" data-widget_type=\"image.default\">\n\t\t\t\t<div class=\"elementor-widget-container\">\n\t\t\t\t\t\t\t\t\t\t\t\t\t<img loading=\"lazy\" decoding=\"async\" width=\"928\" height=\"610\" src=\"data:image\/svg+xml,%3Csvg%20xmlns%3D&#39;http%3A%2F%2Fwww.w3.org%2F2000%2Fsvg&#39;%20width=&#39;928&#39;%20height=&#39;610&#39;%20viewBox%3D&#39;0%200%20928%20610&#39;%2F%3E\" data-czlz data-src=\"https:\/\/www.quasys.com.tr\/wp-content\/uploads\/2024\/11\/WhatsApp-Image-2024-11-18-at-10.55.49.jpeg\" class=\"attachment-full size-full wp-image-16459\" alt=\"\" data-srcset=\"https:\/\/www.quasys.com.tr\/wp-content\/uploads\/2024\/11\/WhatsApp-Image-2024-11-18-at-10.55.49.jpeg 928w, https:\/\/www.quasys.com.tr\/wp-content\/uploads\/2024\/11\/WhatsApp-Image-2024-11-18-at-10.55.49-300x197.jpeg 300w, https:\/\/www.quasys.com.tr\/wp-content\/uploads\/2024\/11\/WhatsApp-Image-2024-11-18-at-10.55.49-768x505.jpeg 768w, https:\/\/www.quasys.com.tr\/wp-content\/uploads\/2024\/11\/WhatsApp-Image-2024-11-18-at-10.55.49-600x394.jpeg 600w\" data-sizes=\"(max-width: 928px) 100vw, 928px\" \/>\t\t\t\t\t\t\t\t\t\t\t\t\t<\/div>\n\t\t\t\t<\/div>\n\t\t\t\t\t<\/div>\n\t\t<\/div>\n\t\t\t\t<div class=\"elementor-column elementor-col-50 elementor-top-column elementor-element elementor-element-875989d\" data-id=\"875989d\" data-element_type=\"column\">\n\t\t\t<div class=\"elementor-widget-wrap elementor-element-populated\">\n\t\t\t\t\t\t<div class=\"elementor-element elementor-element-9a3e096 elementor-widget elementor-widget-cz_title\" data-id=\"9a3e096\" data-element_type=\"widget\" data-widget_type=\"cz_title.default\">\n\t\t\t\t<div class=\"elementor-widget-container\">\n\t\t\t\t\r\n\t\t<div>\r\n\t\t\t<div class=\"cz_title clr cz_mobile_text_center cz_title_pos_inline\"><div class=\"cz_title_content\"><span class=\"cz_line_side_solo\">_<\/span><div class=\"cz_wpe_content\"><p><span style=\"font-family: demicalfont; color: #ea0029;\"><span style=\"font-weight: 400;\">Quasys Digital Technology Solutions<\/span> <\/span><\/p><\/div><\/div><\/div>\r\n\t\t<\/div>\r\n\t\t\r\n\t\t\t\t<\/div>\n\t\t\t\t<\/div>\n\t\t\t\t<div class=\"elementor-element elementor-element-f381148 elementor-widget elementor-widget-text-editor\" data-id=\"f381148\" data-element_type=\"widget\" data-widget_type=\"text-editor.default\">\n\t\t\t\t<div class=\"elementor-widget-container\">\n\t\t\t\t\t\t\t<p><span style=\"font-family: demicalfont;\">All Services<\/span><br><span style=\"font-family: demicalfont;\">With Quasys<\/span><br><span style=\"font-family: demicalfont;\">At a Single Point<\/span><\/p>\t\t\t\t\t\t<\/div>\n\t\t\t\t<\/div>\n\t\t\t\t<div class=\"elementor-element elementor-element-a1c10db elementor-widget elementor-widget-text-editor\" data-id=\"a1c10db\" data-element_type=\"widget\" data-widget_type=\"text-editor.default\">\n\t\t\t\t<div class=\"elementor-widget-container\">\n\t\t\t\t\t\t\t<p><span style=\"font-family: demicalfont;\">Quasys has been providing end-to-end solutions to its customers with its innovative technologies that have shaped the sector for many years.<\/span><\/p>\t\t\t\t\t\t<\/div>\n\t\t\t\t<\/div>\n\t\t\t\t\t<\/div>\n\t\t<\/div>\n\t\t\t\t\t<\/div>\n\t\t<\/section>\n\t\t\t\t<\/div>\n\t\t","protected":false},"excerpt":{"rendered":"<p>_ Our Solutions Quasys&#8217; Innovative Technology Solutions We blend our experience &#8230; <\/p>\n","protected":false},"author":1,"featured_media":0,"parent":0,"menu_order":3,"comment_status":"closed","ping_status":"closed","template":"","meta":{"footnotes":""},"class_list":["post-16455","page","type-page","status-publish","hentry"],"yoast_head":"<!-- This site is optimized with the Yoast SEO plugin v25.0 - https:\/\/yoast.com\/wordpress\/plugins\/seo\/ -->\n<title>Our Solutions - Quasys Dijital Teknoloji \u00c7\u00f6z\u00fcmleri<\/title>\n<meta name=\"robots\" content=\"index, follow, max-snippet:-1, max-image-preview:large, max-video-preview:-1\" \/>\n<link rel=\"canonical\" href=\"https:\/\/www.quasys.az\/en\/our-solutions\/\" \/>\n<meta property=\"og:locale\" content=\"en_US\" \/>\n<meta property=\"og:type\" content=\"article\" \/>\n<meta property=\"og:title\" content=\"Our Solutions - Quasys Dijital Teknoloji \u00c7\u00f6z\u00fcmleri\" \/>\n<meta property=\"og:description\" content=\"_ Our Solutions Quasys&#8217; Innovative Technology Solutions We blend our experience ...\" \/>\n<meta property=\"og:url\" content=\"https:\/\/www.quasys.az\/en\/our-solutions\/\" \/>\n<meta property=\"og:site_name\" content=\"Quasys Dijital Teknoloji \u00c7\u00f6z\u00fcmleri\" \/>\n<meta property=\"article:modified_time\" content=\"2025-12-01T10:39:58+00:00\" \/>\n<meta property=\"og:image\" content=\"https:\/\/quasys.com.tr\/wp-content\/uploads\/2021\/01\/brand-icon.png\" \/>\n<meta name=\"twitter:card\" content=\"summary_large_image\" \/>\n<meta name=\"twitter:label1\" content=\"Est. reading time\" \/>\n\t<meta name=\"twitter:data1\" content=\"1 minute\" \/>\n<script type=\"application\/ld+json\" class=\"yoast-schema-graph\">{\"@context\":\"https:\/\/schema.org\",\"@graph\":[{\"@type\":\"WebPage\",\"@id\":\"https:\/\/www.quasys.az\/en\/our-solutions\/\",\"url\":\"https:\/\/www.quasys.az\/en\/our-solutions\/\",\"name\":\"Our Solutions - Quasys Dijital Teknoloji \u00c7\u00f6z\u00fcmleri\",\"isPartOf\":{\"@id\":\"https:\/\/www.quasys.az\/en\/#website\"},\"primaryImageOfPage\":{\"@id\":\"https:\/\/www.quasys.az\/en\/our-solutions\/#primaryimage\"},\"image\":{\"@id\":\"https:\/\/www.quasys.az\/en\/our-solutions\/#primaryimage\"},\"thumbnailUrl\":\"https:\/\/quasys.com.tr\/wp-content\/uploads\/2021\/01\/brand-icon.png\",\"datePublished\":\"2024-06-10T05:25:36+00:00\",\"dateModified\":\"2025-12-01T10:39:58+00:00\",\"breadcrumb\":{\"@id\":\"https:\/\/www.quasys.az\/en\/our-solutions\/#breadcrumb\"},\"inLanguage\":\"en-US\",\"potentialAction\":[{\"@type\":\"ReadAction\",\"target\":[\"https:\/\/www.quasys.az\/en\/our-solutions\/\"]}]},{\"@type\":\"ImageObject\",\"inLanguage\":\"en-US\",\"@id\":\"https:\/\/www.quasys.az\/en\/our-solutions\/#primaryimage\",\"url\":\"https:\/\/quasys.com.tr\/wp-content\/uploads\/2021\/01\/brand-icon.png\",\"contentUrl\":\"https:\/\/quasys.com.tr\/wp-content\/uploads\/2021\/01\/brand-icon.png\"},{\"@type\":\"BreadcrumbList\",\"@id\":\"https:\/\/www.quasys.az\/en\/our-solutions\/#breadcrumb\",\"itemListElement\":[{\"@type\":\"ListItem\",\"position\":1,\"name\":\"Anasayfa\",\"item\":\"https:\/\/quasys.com.tr\/en\/\"},{\"@type\":\"ListItem\",\"position\":2,\"name\":\"Our Solutions\"}]},{\"@type\":\"WebSite\",\"@id\":\"https:\/\/www.quasys.az\/en\/#website\",\"url\":\"https:\/\/www.quasys.az\/en\/\",\"name\":\"Quasys\",\"description\":\"\",\"publisher\":{\"@id\":\"https:\/\/www.quasys.az\/en\/#organization\"},\"potentialAction\":[{\"@type\":\"SearchAction\",\"target\":{\"@type\":\"EntryPoint\",\"urlTemplate\":\"https:\/\/www.quasys.az\/en\/?s={search_term_string}\"},\"query-input\":{\"@type\":\"PropertyValueSpecification\",\"valueRequired\":true,\"valueName\":\"search_term_string\"}}],\"inLanguage\":\"en-US\"},{\"@type\":\"Organization\",\"@id\":\"https:\/\/www.quasys.az\/en\/#organization\",\"name\":\"Quasys Dijital Teknoloji \u00c7\u00f6z\u00fcmleri\",\"url\":\"https:\/\/www.quasys.az\/en\/\",\"logo\":{\"@type\":\"ImageObject\",\"inLanguage\":\"en-US\",\"@id\":\"https:\/\/www.quasys.az\/en\/#\/schema\/logo\/image\/\",\"url\":\"https:\/\/www.quasys.com.tr\/wp-content\/uploads\/2025\/05\/quasys_logo-01-50_Cropped.png\",\"contentUrl\":\"https:\/\/www.quasys.com.tr\/wp-content\/uploads\/2025\/05\/quasys_logo-01-50_Cropped.png\",\"width\":365,\"height\":262,\"caption\":\"Quasys Dijital Teknoloji \u00c7\u00f6z\u00fcmleri\"},\"image\":{\"@id\":\"https:\/\/www.quasys.az\/en\/#\/schema\/logo\/image\/\"},\"sameAs\":[\"https:\/\/www.linkedin.com\/company\/quasys-technology\/\"]}]}<\/script>\n<!-- \/ Yoast SEO plugin. -->","yoast_head_json":{"title":"Our Solutions - Quasys Dijital Teknoloji \u00c7\u00f6z\u00fcmleri","robots":{"index":"index","follow":"follow","max-snippet":"max-snippet:-1","max-image-preview":"max-image-preview:large","max-video-preview":"max-video-preview:-1"},"canonical":"https:\/\/www.quasys.az\/en\/our-solutions\/","og_locale":"en_US","og_type":"article","og_title":"Our Solutions - Quasys Dijital Teknoloji \u00c7\u00f6z\u00fcmleri","og_description":"_ Our Solutions Quasys&#8217; Innovative Technology Solutions We blend our experience ...","og_url":"https:\/\/www.quasys.az\/en\/our-solutions\/","og_site_name":"Quasys Dijital Teknoloji \u00c7\u00f6z\u00fcmleri","article_modified_time":"2025-12-01T10:39:58+00:00","og_image":[{"url":"https:\/\/quasys.com.tr\/wp-content\/uploads\/2021\/01\/brand-icon.png","type":"","width":"","height":""}],"twitter_card":"summary_large_image","twitter_misc":{"Est. reading time":"1 minute"},"schema":{"@context":"https:\/\/schema.org","@graph":[{"@type":"WebPage","@id":"https:\/\/www.quasys.az\/en\/our-solutions\/","url":"https:\/\/www.quasys.az\/en\/our-solutions\/","name":"Our Solutions - Quasys Dijital Teknoloji \u00c7\u00f6z\u00fcmleri","isPartOf":{"@id":"https:\/\/www.quasys.az\/en\/#website"},"primaryImageOfPage":{"@id":"https:\/\/www.quasys.az\/en\/our-solutions\/#primaryimage"},"image":{"@id":"https:\/\/www.quasys.az\/en\/our-solutions\/#primaryimage"},"thumbnailUrl":"https:\/\/quasys.com.tr\/wp-content\/uploads\/2021\/01\/brand-icon.png","datePublished":"2024-06-10T05:25:36+00:00","dateModified":"2025-12-01T10:39:58+00:00","breadcrumb":{"@id":"https:\/\/www.quasys.az\/en\/our-solutions\/#breadcrumb"},"inLanguage":"en-US","potentialAction":[{"@type":"ReadAction","target":["https:\/\/www.quasys.az\/en\/our-solutions\/"]}]},{"@type":"ImageObject","inLanguage":"en-US","@id":"https:\/\/www.quasys.az\/en\/our-solutions\/#primaryimage","url":"https:\/\/quasys.com.tr\/wp-content\/uploads\/2021\/01\/brand-icon.png","contentUrl":"https:\/\/quasys.com.tr\/wp-content\/uploads\/2021\/01\/brand-icon.png"},{"@type":"BreadcrumbList","@id":"https:\/\/www.quasys.az\/en\/our-solutions\/#breadcrumb","itemListElement":[{"@type":"ListItem","position":1,"name":"Anasayfa","item":"https:\/\/quasys.com.tr\/en\/"},{"@type":"ListItem","position":2,"name":"Our Solutions"}]},{"@type":"WebSite","@id":"https:\/\/www.quasys.az\/en\/#website","url":"https:\/\/www.quasys.az\/en\/","name":"Quasys","description":"","publisher":{"@id":"https:\/\/www.quasys.az\/en\/#organization"},"potentialAction":[{"@type":"SearchAction","target":{"@type":"EntryPoint","urlTemplate":"https:\/\/www.quasys.az\/en\/?s={search_term_string}"},"query-input":{"@type":"PropertyValueSpecification","valueRequired":true,"valueName":"search_term_string"}}],"inLanguage":"en-US"},{"@type":"Organization","@id":"https:\/\/www.quasys.az\/en\/#organization","name":"Quasys Dijital Teknoloji \u00c7\u00f6z\u00fcmleri","url":"https:\/\/www.quasys.az\/en\/","logo":{"@type":"ImageObject","inLanguage":"en-US","@id":"https:\/\/www.quasys.az\/en\/#\/schema\/logo\/image\/","url":"https:\/\/www.quasys.com.tr\/wp-content\/uploads\/2025\/05\/quasys_logo-01-50_Cropped.png","contentUrl":"https:\/\/www.quasys.com.tr\/wp-content\/uploads\/2025\/05\/quasys_logo-01-50_Cropped.png","width":365,"height":262,"caption":"Quasys Dijital Teknoloji \u00c7\u00f6z\u00fcmleri"},"image":{"@id":"https:\/\/www.quasys.az\/en\/#\/schema\/logo\/image\/"},"sameAs":["https:\/\/www.linkedin.com\/company\/quasys-technology\/"]}]}},"_links":{"self":[{"href":"https:\/\/www.quasys.az\/en\/wp-json\/wp\/v2\/pages\/16455","targetHints":{"allow":["GET"]}}],"collection":[{"href":"https:\/\/www.quasys.az\/en\/wp-json\/wp\/v2\/pages"}],"about":[{"href":"https:\/\/www.quasys.az\/en\/wp-json\/wp\/v2\/types\/page"}],"author":[{"embeddable":true,"href":"https:\/\/www.quasys.az\/en\/wp-json\/wp\/v2\/users\/1"}],"replies":[{"embeddable":true,"href":"https:\/\/www.quasys.az\/en\/wp-json\/wp\/v2\/comments?post=16455"}],"version-history":[{"count":1,"href":"https:\/\/www.quasys.az\/en\/wp-json\/wp\/v2\/pages\/16455\/revisions"}],"predecessor-version":[{"id":16460,"href":"https:\/\/www.quasys.az\/en\/wp-json\/wp\/v2\/pages\/16455\/revisions\/16460"}],"wp:attachment":[{"href":"https:\/\/www.quasys.az\/en\/wp-json\/wp\/v2\/media?parent=16455"}],"curies":[{"name":"wp","href":"https:\/\/api.w.org\/{rel}","templated":true}]}}